{"id":7261,"date":"2018-06-04T15:38:51","date_gmt":"2018-06-04T14:38:51","guid":{"rendered":"https:\/\/www.gordonweddingfilms.com\/?page_id=7261"},"modified":"2022-12-09T13:43:47","modified_gmt":"2022-12-09T12:43:47","slug":"politique-de-confidentialite","status":"publish","type":"page","link":"https:\/\/www.gordonweddingfilms.com\/fr\/politique-de-confidentialite\/","title":{"rendered":"Politique de confidentialit\u00e9"},"content":{"rendered":"<div class=\"wpb-content-wrapper\"><p>[vc_row][vc_column width=\u00a0\u00bb1\/6&Prime;][\/vc_column][vc_column width=\u00a0\u00bb2\/3&Prime;][vc_column_text]<\/p>\n<h3 style=\"text-align: center;\">Politique de confidentialit\u00e9<\/h3>\n<p>Statut: SARL<br \/>\nNom : EURL Meryll de Gordon<br \/>\nSi\u00e8ge social: 17 rue du Presbyt\u00e8re Lyon<br \/>\nT\u00e9l\u00e9phone: 0647920376<br \/>\nSIRET: 900205931<br \/>\nH\u00e9bergeur: 1&amp;1<br \/>\nAdministrateur: Meryll de Gordon<\/p>\n<h2><\/h2>\n<h4 style=\"text-align: center;\">Utilisation des donn\u00e9es personnelles collect\u00e9es<\/h4>\n<p><strong>Formulaires de contact:<\/strong> Le site www.gordonweddingfilms.com utilise des <a href=\"https:\/\/www.gordonweddingfilms.com\/mentions-legales\/\">cookies<\/a> pour certaines informations \u00e9crites dans le formulaire de contact et ce afin de simplifier votre navigation lors de votre prochaine utilisation de la page. Les donn\u00e9es collect\u00e9es sont celles que vous entrez lorsque vous nous envoyez un mail via un des formulaires de contact. Il s&rsquo;agit de votre nom, pr\u00e9nom, adresse mail et num\u00e9ro de t\u00e9l\u00e9phone et tout autre information que vous pourriez \u00e9crire dans la case \u00ab\u00a0message\u00a0\u00bb ou \u00ab\u00a0sujet\u00a0\u00bb. Ces informations seront utiles pour vous r\u00e9pondre, vous envoyer un devis ou une facture et pour continuer \u00e0 communiquer le temps de la prestation. Si aucune prestation n&rsquo;est conclue, vos donn\u00e9es personnelles ne sont pas utilis\u00e9es. D&rsquo;une mani\u00e8re g\u00e9n\u00e9rale, aucune information n&rsquo;est c\u00e9d\u00e9e ou vendue \u00e0 des organismes tiers.<\/p>\n<p><strong>Navigation :<\/strong> Le site utilise un analyseur de navigation dans le but d&rsquo;optimiser l&rsquo;exp\u00e9rience du visiteur. Les donn\u00e9es r\u00e9colt\u00e9es permettent uniquement d&rsquo;am\u00e9liorer le site au confort visuel du visiteur. Aucune donn\u00e9e personnel n&rsquo;est r\u00e9cup\u00e9r\u00e9, conserv\u00e9e, c\u00e9d\u00e9e ou vendue \u00e0 des tiers.<\/p>\n<p><strong>Dur\u00e9e :<\/strong> \u00a0Les donn\u00e9es personnelles que vous communiquez sciemment via un des formulaires de contact sont conserv\u00e9es 3 ans. Vous b\u00e9n\u00e9ficiez bien s\u00fbr d&rsquo;un droit d&rsquo;acc\u00e8s, de modification ou de suppression de vos donn\u00e9es en envoyant un mail \u00e0 contact (@) gordonweddingfilms.com[\/vc_column_text][\/vc_column][vc_column width=\u00a0\u00bb1\/6&Prime;][\/vc_column][\/vc_row]<\/p>\n<\/div>","protected":false},"excerpt":{"rendered":"<p>[vc_row][vc_column width=\u00a0\u00bb1\/6&Prime;][\/vc_column][vc_column width=\u00a0\u00bb2\/3&Prime;][vc_column_text] Politique de confidentialit\u00e9 Statut: SARL Nom : EURL Meryll de Gordon Si\u00e8ge social: 17 rue du Presbyt\u00e8re [&hellip;]<\/p>\n","protected":false},"author":1,"featured_media":0,"parent":0,"menu_order":0,"comment_status":"closed","ping_status":"closed","template":"","meta":{"_acf_changed":false,"footnotes":""},"class_list":["post-7261","page","type-page","status-publish","hentry"],"acf":[],"_links":{"self":[{"href":"https:\/\/www.gordonweddingfilms.com\/fr\/wp-json\/wp\/v2\/pages\/7261","targetHints":{"allow":["GET"]}}],"collection":[{"href":"https:\/\/www.gordonweddingfilms.com\/fr\/wp-json\/wp\/v2\/pages"}],"about":[{"href":"https:\/\/www.gordonweddingfilms.com\/fr\/wp-json\/wp\/v2\/types\/page"}],"author":[{"embeddable":true,"href":"https:\/\/www.gordonweddingfilms.com\/fr\/wp-json\/wp\/v2\/users\/1"}],"replies":[{"embeddable":true,"href":"https:\/\/www.gordonweddingfilms.com\/fr\/wp-json\/wp\/v2\/comments?post=7261"}],"version-history":[{"count":0,"href":"https:\/\/www.gordonweddingfilms.com\/fr\/wp-json\/wp\/v2\/pages\/7261\/revisions"}],"wp:attachment":[{"href":"https:\/\/www.gordonweddingfilms.com\/fr\/wp-json\/wp\/v2\/media?parent=7261"}],"curies":[{"name":"wp","href":"https:\/\/api.w.org\/{rel}","templated":true}]}}