{"id":3727,"date":"2017-10-20T10:26:23","date_gmt":"2017-10-20T09:26:23","guid":{"rendered":"https:\/\/www.gordonweddingfilms.com\/?page_id=3727"},"modified":"2026-02-16T13:12:19","modified_gmt":"2026-02-16T12:12:19","slug":"journal","status":"publish","type":"page","link":"https:\/\/www.gordonweddingfilms.com\/fr\/journal\/","title":{"rendered":"Films de mariage r\u00e9cents"},"content":{"rendered":"<div class=\"wpb-content-wrapper\"><p>[vc_row unlock_row_content=\u00a0\u00bbyes\u00a0\u00bb row_height_percent=\u00a0\u00bb0&Prime; back_image=\u00a0\u00bb18733&Prime; overlay_alpha=\u00a0\u00bb50&Prime; gutter_size=\u00a0\u00bb3&Prime; column_width_percent=\u00a0\u00bb100&Prime; shift_y=\u00a0\u00bb0&Prime; z_index=\u00a0\u00bb0&Prime; uncode_shortcode_id=\u00a0\u00bb197337&Prime;][vc_column column_width_percent=\u00a0\u00bb100&Prime; position_vertical=\u00a0\u00bbmiddle\u00a0\u00bb align_horizontal=\u00a0\u00bbalign_center\u00a0\u00bb gutter_size=\u00a0\u00bb3&Prime; style=\u00a0\u00bbdark\u00a0\u00bb overlay_alpha=\u00a0\u00bb50&Prime; shift_x=\u00a0\u00bb0&Prime; shift_y=\u00a0\u00bb0&Prime; shift_y_down=\u00a0\u00bb0&Prime; z_index=\u00a0\u00bb0&Prime; medium_width=\u00a0\u00bb0&Prime; mobile_width=\u00a0\u00bb0&Prime; uncode_shortcode_id=\u00a0\u00bb113872&Prime;][vc_empty_space empty_h=\u00a0\u00bb4&Prime;][vc_custom_heading heading_semantic=\u00a0\u00bbp\u00a0\u00bb text_size=\u00a0\u00bbh1&Prime; uncode_shortcode_id=\u00a0\u00bb679203&Prime;]Journal[\/vc_custom_heading][vc_custom_heading heading_semantic=\u00a0\u00bbh1&Prime; text_size=\u00a0\u00bbh5&Prime; uncode_shortcode_id=\u00a0\u00bb940874&Prime;]<em>Films de mariage r\u00e9cents<\/em>[\/vc_custom_heading][vc_empty_space empty_h=\u00a0\u00bb4&Prime;][\/vc_column][\/vc_row][vc_row row_height_percent=\u00a0\u00bb0&Prime; override_padding=\u00a0\u00bbyes\u00a0\u00bb h_padding=\u00a0\u00bb2&Prime; top_padding=\u00a0\u00bb6&Prime; bottom_padding=\u00a0\u00bb2&Prime; overlay_alpha=\u00a0\u00bb50&Prime; gutter_size=\u00a0\u00bb3&Prime; column_width_percent=\u00a0\u00bb100&Prime; shift_y=\u00a0\u00bb0&Prime; z_index=\u00a0\u00bb0&Prime; uncode_shortcode_id=\u00a0\u00bb327506&Prime;][vc_column column_width_percent=\u00a0\u00bb100&Prime; position_vertical=\u00a0\u00bbmiddle\u00a0\u00bb align_horizontal=\u00a0\u00bbalign_center\u00a0\u00bb gutter_size=\u00a0\u00bb3&Prime; overlay_alpha=\u00a0\u00bb50&Prime; shift_x=\u00a0\u00bb0&Prime; shift_y=\u00a0\u00bb0&Prime; shift_y_down=\u00a0\u00bb0&Prime; z_index=\u00a0\u00bb0&Prime; medium_width=\u00a0\u00bb0&Prime; mobile_width=\u00a0\u00bb0&Prime; uncode_shortcode_id=\u00a0\u00bb893851&Prime; width=\u00a0\u00bb1\/1&Prime;][vc_custom_heading text_size=\u00a0\u00bbh1&Prime; uncode_shortcode_id=\u00a0\u00bb360577&Prime;]R\u00e9cits d&rsquo;un vid\u00e9aste de mariage[\/vc_custom_heading][\/vc_column][\/vc_row][vc_row row_height_percent=\u00a0\u00bb0&Prime; override_padding=\u00a0\u00bbyes\u00a0\u00bb h_padding=\u00a0\u00bb2&Prime; top_padding=\u00a0\u00bb2&Prime; bottom_padding=\u00a0\u00bb4&Prime; overlay_alpha=\u00a0\u00bb50&Prime; gutter_size=\u00a0\u00bb3&Prime; column_width_percent=\u00a0\u00bb100&Prime; shift_y=\u00a0\u00bb0&Prime; z_index=\u00a0\u00bb0&Prime; uncode_shortcode_id=\u00a0\u00bb151883&Prime;][vc_column column_width_percent=\u00a0\u00bb100&Prime; position_vertical=\u00a0\u00bbmiddle\u00a0\u00bb align_horizontal=\u00a0\u00bbalign_center\u00a0\u00bb gutter_size=\u00a0\u00bb3&Prime; overlay_alpha=\u00a0\u00bb50&Prime; shift_x=\u00a0\u00bb0&Prime; shift_y=\u00a0\u00bb0&Prime; shift_y_down=\u00a0\u00bb0&Prime; z_index=\u00a0\u00bb0&Prime; medium_width=\u00a0\u00bb0&Prime; mobile_width=\u00a0\u00bb0&Prime; uncode_shortcode_id=\u00a0\u00bb106512&Prime; width=\u00a0\u00bb1\/6&Prime;][\/vc_column][vc_column column_width_percent=\u00a0\u00bb100&Prime; position_vertical=\u00a0\u00bbmiddle\u00a0\u00bb align_horizontal=\u00a0\u00bbalign_center\u00a0\u00bb gutter_size=\u00a0\u00bb3&Prime; overlay_alpha=\u00a0\u00bb50&Prime; shift_x=\u00a0\u00bb0&Prime; shift_y=\u00a0\u00bb0&Prime; shift_y_down=\u00a0\u00bb0&Prime; z_index=\u00a0\u00bb0&Prime; medium_width=\u00a0\u00bb0&Prime; mobile_width=\u00a0\u00bb0&Prime; width=\u00a0\u00bb2\/3&Prime; uncode_shortcode_id=\u00a0\u00bb989456&Prime;][vc_custom_heading heading_semantic=\u00a0\u00bbp\u00a0\u00bb text_size=\u00a0\u00bbh4&Prime; text_height=\u00a0\u00bbfontheight-211424&Prime; uncode_shortcode_id=\u00a0\u00bb135608&Prime;]<em>Certains films int\u00e8grent un montage narratif fort racontant l&rsquo;histoire du couple, et d&rsquo;autres sont plus classiques et transmettent le jour de leur mariage de mani\u00e8re fid\u00e8le.<\/em>[\/vc_custom_heading][\/vc_column][vc_column width=\u00a0\u00bb1\/6&Prime;][\/vc_column][\/vc_row][vc_row unlock_row_content=\u00a0\u00bbyes\u00a0\u00bb row_height_percent=\u00a0\u00bb0&Prime; override_padding=\u00a0\u00bbyes\u00a0\u00bb h_padding=\u00a0\u00bb5&Prime; top_padding=\u00a0\u00bb5&Prime; bottom_padding=\u00a0\u00bb5&Prime; overlay_alpha=\u00a0\u00bb50&Prime; gutter_size=\u00a0\u00bb2&Prime; column_width_percent=\u00a0\u00bb100&Prime; shift_y=\u00a0\u00bb0&Prime; z_index=\u00a0\u00bb0&Prime; uncode_shortcode_id=\u00a0\u00bb118893&Prime;][vc_column column_width_percent=\u00a0\u00bb100&Prime; gutter_size=\u00a0\u00bb4&Prime; overlay_alpha=\u00a0\u00bb50&Prime; shift_x=\u00a0\u00bb0&Prime; shift_y=\u00a0\u00bb0&Prime; shift_y_down=\u00a0\u00bb0&Prime; z_index=\u00a0\u00bb0&Prime; medium_width=\u00a0\u00bb0&Prime; mobile_width=\u00a0\u00bb0&Prime; width=\u00a0\u00bb1\/1&Prime;][uncode_index el_id=\u00a0\u00bbindex-731573045&Prime; isotope_mode=\u00a0\u00bbfitRows\u00a0\u00bb loop=\u00a0\u00bbsize:12|order_by:date|post_type:post|categories:78,79|taxonomy_count:10&Prime; screen_lg=\u00a0\u00bb1000&Prime; screen_md=\u00a0\u00bb600&Prime; screen_sm=\u00a0\u00bb480&Prime; filtering=\u00a0\u00bbyes\u00a0\u00bb filter_typography=\u00a0\u00bbinherit\u00a0\u00bb filtering_uppercase=\u00a0\u00bbyes\u00a0\u00bb filtering_position=\u00a0\u00bbcenter\u00a0\u00bb filter_all_opposite=\u00a0\u00bbyes\u00a0\u00bb gutter_size=\u00a0\u00bb3&Prime; post_items=\u00a0\u00bbmedia|featured|onpost|original,title,text|excerpt|150&Prime; pagination=\u00a0\u00bbyes\u00a0\u00bb pagination_typography=\u00a0\u00bbinherit\u00a0\u00bb images_size=\u00a0\u00bbthree-two\u00a0\u00bb single_back_color=\u00a0\u00bbcolor-125935&Prime; single_overlay_opacity=\u00a0\u00bb50&Prime; single_text_visible=\u00a0\u00bbyes\u00a0\u00bb single_text_anim=\u00a0\u00bbno\u00a0\u00bb single_h_align=\u00a0\u00bbcenter\u00a0\u00bb single_padding=\u00a0\u00bb2&Prime; single_title_dimension=\u00a0\u00bbh5&Prime; single_border=\u00a0\u00bbyes\u00a0\u00bb uncode_shortcode_id=\u00a0\u00bb205467&Prime;][\/vc_column][\/vc_row][vc_row][vc_column width=\u00a0\u00bb1\/1&Prime;][vc_accordion active_tab=\u00a0\u00bb0&Prime;][vc_accordion_tab gutter_size=\u00a0\u00bb2&Prime; column_padding=\u00a0\u00bb2&Prime; title=\u00a0\u00bbMa philosophie\u00a0\u00bb tab_id=\u00a0\u00bb1682422891-1-111682423982755&Prime;][vc_column_text uncode_shortcode_id=\u00a0\u00bb205544&Prime;]En tant que <strong>vid\u00e9aste de mariage<\/strong>, je crois que chaque couple est unique, et leur histoire m\u00e9rite d&rsquo;\u00eatre racont\u00e9e d&rsquo;une mani\u00e8re qui refl\u00e8te leur personnalit\u00e9, leur style et leur amour l&rsquo;un pour l&rsquo;autre. C&rsquo;est pourquoi j&rsquo;adopte une approche personnalis\u00e9e pour chaque mariage que je filme, en prenant le temps de conna\u00eetre mes clients et de comprendre leur vision pour leur <a href=\"https:\/\/www.gordonweddingfilms.com\/fr\/video-clip-mariage\/\">film de mariage<\/a>.<\/p>\n<p>Mon processus commence par une consultation initiale, o\u00f9 je rencontre le couple pour discuter de leurs plans, leurs envies, de leur personnalit\u00e9 et de leur style. Cela me permet d&rsquo;avoir une id\u00e9e de leur vision globale pour leur mariage et de m&rsquo;assurer que je suis en mesure d&rsquo;adapter mon approche \u00e0 leurs besoins.<\/p>\n<p>Le jour J, je me concentre sur les \u00e9motions, des moments et des d\u00e9tails qui rendent l&rsquo;histoire du couple unique. Je travaille discr\u00e8tement en arri\u00e8re-plan, capturant des moments de complicit\u00e9 et des interactions plus intimes entre le couple et leurs proches. Je crois que ce sont les petits d\u00e9tails qui font la diff\u00e9rence, je suis attentif \u00e0 tout, des fleurs \u00e0 la d\u00e9coration, pour m&rsquo;assurer que chaque \u00e9l\u00e9ment de la journ\u00e9e soit captur\u00e9 d&rsquo;une mani\u00e8re qui refl\u00e8te le style et le go\u00fbt du couple.<\/p>\n<p>Apr\u00e8s le mariage, je s\u00e9lectionnant soigneusement les moments les plus importants en les tissant ensemble dans un film \u00e0 l&rsquo;esth\u00e9tique cin\u00e9 qui raconte l&rsquo;histoire du couple.<\/p>\n<p>Mon objectif en tant que meilleur videaste mariage est de cr\u00e9er un film qui capture l&rsquo;essence de l&rsquo;amour du couple et raconte leur histoire d&rsquo;une mani\u00e8re qui leur est propre. Je suis passionn\u00e9 par mon travail et je suis fier de fournir \u00e0 mes clients un service personnalis\u00e9 et de haute qualit\u00e9 qu&rsquo;ils ch\u00e9riront pendant des ann\u00e9es.[\/vc_column_text][\/vc_accordion_tab][vc_accordion_tab gutter_size=\u00a0\u00bb2&Prime; column_padding=\u00a0\u00bb2&Prime; title=\u00a0\u00bbL&rsquo;importance du storytelling\u00a0\u00bb tab_id=\u00a0\u00bb1682422891-2-631682423982755&Prime;][vc_column_text uncode_shortcode_id=\u00a0\u00bb663317&Prime;]Le storytelling, ou l&rsquo;art de raconter une histoire, est essentiel dans les films de mariage. Le mariage est bien plus qu&rsquo;un simple \u00e9v\u00e9nement. C&rsquo;est une journ\u00e9e charg\u00e9e en \u00e9motions, en moments forts, en relations humaines et en d\u00e9tails significatifs. Le storytelling permet de capturer et de mettre en valeur ces \u00e9l\u00e9ments pour cr\u00e9er un film de mariage qui est bien plus qu&rsquo;une simple compilation d&rsquo;images, mais plut\u00f4t une v\u00e9ritable histoire qui raconte l&rsquo;amour et la connexion unique entre le couple.<\/p>\n<p>En racontant une histoire \u00e0 travers le film de mariage en tant que meilleur videaste mariage\u00a0on donne du sens \u00e0 chaque moment captur\u00e9. Les images ne sont plus seulement des sc\u00e8nes isol\u00e9es, mais elles s&#8217;embo\u00eetent pour former un r\u00e9cit coh\u00e9rent et \u00e9mouvant. Le storytelling permet de cr\u00e9er une structure narrative qui guide les spectateurs \u00e0 travers les moments cl\u00e9s de la journ\u00e9e, en mettant l&rsquo;accent sur les \u00e9motions, les relations et les d\u00e9tails significatifs. Cela permet aux mari\u00e9s de revivre leur journ\u00e9e de mariage d&rsquo;une mani\u00e8re \u00e9motionnellement engageante et authentique, et de partager cette exp\u00e9rience avec leurs proches.<\/p>\n<p>En outre, le storytelling dans les films de mariage permet de mettre en valeur la singularit\u00e9 du couple. Chaque couple est unique, avec son propre style, sa propre personnalit\u00e9 et son propre parcours d&rsquo;amour. Le storytelling permet de capturer et de refl\u00e9ter ces \u00e9l\u00e9ments uniques dans le film de mariage, en cr\u00e9ant une narration qui met en avant la v\u00e9ritable essence du couple. Cela permet de cr\u00e9er un film de mariage qui est authentique et personnalis\u00e9, et qui refl\u00e8te v\u00e9ritablement l&rsquo;histoire d&rsquo;amour du couple.<\/p>\n<p>Le storytelling est \u00e9galement un moyen de stimuler la cr\u00e9ativit\u00e9 du vid\u00e9aste de mariage. En adoptant une approche narrative, le vid\u00e9aste de mariage peut explorer diff\u00e9rentes techniques cin\u00e9matographiques, jouer avec les angles de prise de vue, la musique, les transitions et les effets visuels pour cr\u00e9er un film de mariage artistique et unique. Cela permet de sortir des sentiers battus et d&rsquo;apporter une vision fra\u00eeche et cr\u00e9ative aux projets de mariage, offrant ainsi aux couples une exp\u00e9rience visuelle captivante et m\u00e9morable. \u00c9lu meilleur videaste mariage France et monde.[\/vc_column_text][\/vc_accordion_tab][\/vc_accordion][\/vc_column][\/vc_row][vc_row row_height_percent=\u00a0\u00bb0&Prime; override_padding=\u00a0\u00bbyes\u00a0\u00bb h_padding=\u00a0\u00bb2&Prime; top_padding=\u00a0\u00bb4&Prime; bottom_padding=\u00a0\u00bb4&Prime; back_color=\u00a0\u00bbcolor-599905&Prime; overlay_alpha=\u00a0\u00bb50&Prime; gutter_size=\u00a0\u00bb3&Prime; column_width_percent=\u00a0\u00bb100&Prime; shift_y=\u00a0\u00bb0&Prime; z_index=\u00a0\u00bb0&Prime; uncode_shortcode_id=\u00a0\u00bb173463&Prime; back_color_type=\u00a0\u00bbuncode-palette\u00a0\u00bb][vc_column column_width_percent=\u00a0\u00bb100&Prime; align_horizontal=\u00a0\u00bbalign_center\u00a0\u00bb gutter_size=\u00a0\u00bb3&Prime; overlay_alpha=\u00a0\u00bb50&Prime; shift_x=\u00a0\u00bb0&Prime; shift_y=\u00a0\u00bb0&Prime; shift_y_down=\u00a0\u00bb0&Prime; z_index=\u00a0\u00bb0&Prime; medium_width=\u00a0\u00bb0&Prime; mobile_width=\u00a0\u00bb0&Prime; width=\u00a0\u00bb1\/1&Prime; uncode_shortcode_id=\u00a0\u00bb940716&Prime;][vc_custom_heading heading_semantic=\u00a0\u00bbp\u00a0\u00bb text_size=\u00a0\u00bbh1&Prime; uncode_shortcode_id=\u00a0\u00bb593543&Prime;]D\u00e9couvrez d&rsquo;autres films sur[\/vc_custom_heading][vc_button border_width=\u00a0\u00bb0&Prime; link=\u00a0\u00bburl:https%3A%2F%2Fvimeo.com%2Fmerylldegordon|target:_blank\u00a0\u00bb uncode_shortcode_id=\u00a0\u00bb167239&Prime;]VIMEO[\/vc_button][vc_button border_width=\u00a0\u00bb0&Prime; link=\u00a0\u00bburl:https%3A%2F%2Fwww.instagram.com%2Fmeryll_degordon%2F|target:_blank\u00a0\u00bb uncode_shortcode_id=\u00a0\u00bb172190&Prime;]INSTA[\/vc_button][\/vc_column][\/vc_row]<\/p>\n<\/div>","protected":false},"excerpt":{"rendered":"<p>[vc_row unlock_row_content=\u00a0\u00bbyes\u00a0\u00bb row_height_percent=\u00a0\u00bb0&Prime; back_image=\u00a0\u00bb18733&Prime; overlay_alpha=\u00a0\u00bb50&Prime; gutter_size=\u00a0\u00bb3&Prime; column_width_percent=\u00a0\u00bb100&Prime; shift_y=\u00a0\u00bb0&Prime; z_index=\u00a0\u00bb0&Prime; uncode_shortcode_id=\u00a0\u00bb197337&Prime;][vc_column column_width_percent=\u00a0\u00bb100&Prime; position_vertical=\u00a0\u00bbmiddle\u00a0\u00bb align_horizontal=\u00a0\u00bbalign_center\u00a0\u00bb gutter_size=\u00a0\u00bb3&Prime; style=\u00a0\u00bbdark\u00a0\u00bb overlay_alpha=\u00a0\u00bb50&Prime; shift_x=\u00a0\u00bb0&Prime; shift_y=\u00a0\u00bb0&Prime; shift_y_down=\u00a0\u00bb0&Prime; z_index=\u00a0\u00bb0&Prime; [&hellip;]<\/p>\n","protected":false},"author":1,"featured_media":17926,"parent":0,"menu_order":0,"comment_status":"closed","ping_status":"closed","template":"","meta":{"_acf_changed":false,"footnotes":""},"class_list":["post-3727","page","type-page","status-publish","has-post-thumbnail","hentry"],"acf":[],"_links":{"self":[{"href":"https:\/\/www.gordonweddingfilms.com\/fr\/wp-json\/wp\/v2\/pages\/3727","targetHints":{"allow":["GET"]}}],"collection":[{"href":"https:\/\/www.gordonweddingfilms.com\/fr\/wp-json\/wp\/v2\/pages"}],"about":[{"href":"https:\/\/www.gordonweddingfilms.com\/fr\/wp-json\/wp\/v2\/types\/page"}],"author":[{"embeddable":true,"href":"https:\/\/www.gordonweddingfilms.com\/fr\/wp-json\/wp\/v2\/users\/1"}],"replies":[{"embeddable":true,"href":"https:\/\/www.gordonweddingfilms.com\/fr\/wp-json\/wp\/v2\/comments?post=3727"}],"version-history":[{"count":0,"href":"https:\/\/www.gordonweddingfilms.com\/fr\/wp-json\/wp\/v2\/pages\/3727\/revisions"}],"wp:featuredmedia":[{"embeddable":true,"href":"https:\/\/www.gordonweddingfilms.com\/fr\/wp-json\/wp\/v2\/media\/17926"}],"wp:attachment":[{"href":"https:\/\/www.gordonweddingfilms.com\/fr\/wp-json\/wp\/v2\/media?parent=3727"}],"curies":[{"name":"wp","href":"https:\/\/api.w.org\/{rel}","templated":true}]}}