{"id":21793,"date":"2025-12-30T10:09:31","date_gmt":"2025-12-30T09:09:31","guid":{"rendered":"https:\/\/www.gordonweddingfilms.com\/?page_id=21793"},"modified":"2026-03-30T16:00:42","modified_gmt":"2026-03-30T15:00:42","slug":"photographie-de-mariage","status":"publish","type":"page","link":"https:\/\/www.gordonweddingfilms.com\/fr\/photographie-de-mariage\/","title":{"rendered":"Photographie de mariage"},"content":{"rendered":"<div class=\"wpb-content-wrapper\"><p>[vc_row unlock_row_content=\u00a0\u00bbyes\u00a0\u00bb row_height_percent=\u00a0\u00bb0&Prime; back_image=\u00a0\u00bb21796&Prime; back_position=\u00a0\u00bbcenter center\u00a0\u00bb parallax=\u00a0\u00bbyes\u00a0\u00bb overlay_color=\u00a0\u00bbcolor-jevc\u00a0\u00bb overlay_alpha=\u00a0\u00bb17&Prime; gutter_size=\u00a0\u00bb3&Prime; column_width_percent=\u00a0\u00bb100&Prime; shift_y=\u00a0\u00bb0&Prime; z_index=\u00a0\u00bb0&Prime; content_parallax=\u00a0\u00bb0&Prime; uncode_shortcode_id=\u00a0\u00bb136528&Prime; overlay_color_type=\u00a0\u00bbuncode-palette\u00a0\u00bb][vc_column column_width_percent=\u00a0\u00bb100&Prime; position_vertical=\u00a0\u00bbmiddle\u00a0\u00bb align_horizontal=\u00a0\u00bbalign_center\u00a0\u00bb gutter_size=\u00a0\u00bb3&Prime; style=\u00a0\u00bbdark\u00a0\u00bb overlay_alpha=\u00a0\u00bb50&Prime; shift_x=\u00a0\u00bb0&Prime; shift_y=\u00a0\u00bb0&Prime; shift_y_down=\u00a0\u00bb0&Prime; z_index=\u00a0\u00bb0&Prime; medium_width=\u00a0\u00bb0&Prime; mobile_width=\u00a0\u00bb0&Prime; uncode_shortcode_id=\u00a0\u00bb113872&Prime;][vc_empty_space empty_h=\u00a0\u00bb3&Prime;][vc_empty_space empty_h=\u00a0\u00bb2&Prime;][vc_custom_heading heading_semantic=\u00a0\u00bbp\u00a0\u00bb text_font=\u00a0\u00bbfont-796390&Prime; text_size=\u00a0\u00bbh1&Prime; uncode_shortcode_id=\u00a0\u00bb250818&Prime;]Photographie de mariage[\/vc_custom_heading][vc_empty_space empty_h=\u00a0\u00bb5&Prime;][vc_empty_space empty_h=\u00a0\u00bb3&Prime;][\/vc_column][\/vc_row][vc_row row_height_percent=\u00a0\u00bb0&Prime; override_padding=\u00a0\u00bbyes\u00a0\u00bb h_padding=\u00a0\u00bb2&Prime; top_padding=\u00a0\u00bb5&Prime; bottom_padding=\u00a0\u00bb1&Prime; overlay_alpha=\u00a0\u00bb50&Prime; equal_height=\u00a0\u00bbyes\u00a0\u00bb gutter_size=\u00a0\u00bb4&Prime; column_width_percent=\u00a0\u00bb100&Prime; shift_y=\u00a0\u00bb0&Prime; z_index=\u00a0\u00bb0&Prime; content_parallax=\u00a0\u00bb0&Prime; uncode_shortcode_id=\u00a0\u00bb578752&Prime;][vc_column column_width_percent=\u00a0\u00bb100&Prime; gutter_size=\u00a0\u00bb3&Prime; back_image=\u00a0\u00bb21975&Prime; overlay_alpha=\u00a0\u00bb50&Prime; shift_x=\u00a0\u00bb0&Prime; shift_y=\u00a0\u00bb0&Prime; shift_y_down=\u00a0\u00bb0&Prime; z_index=\u00a0\u00bb0&Prime; medium_width=\u00a0\u00bb0&Prime; mobile_width=\u00a0\u00bb0&Prime; width=\u00a0\u00bb1\/2&Prime; uncode_shortcode_id=\u00a0\u00bb112790&Prime;][\/vc_column][vc_column width=\u00a0\u00bb1\/2&Prime;][vc_custom_heading heading_semantic=\u00a0\u00bbp\u00a0\u00bb text_size=\u00a0\u00bbh1&Prime; uncode_shortcode_id=\u00a0\u00bb104840&Prime;]Moments suspendus[\/vc_custom_heading][vc_custom_heading heading_semantic=\u00a0\u00bbp\u00a0\u00bb text_size=\u00a0\u00bbh4&Prime; uncode_shortcode_id=\u00a0\u00bb142174&Prime;]Je propose \u00e9galement la photographie de mariage, avec une approche naturelle et cin\u00e9matographique.[\/vc_custom_heading][vc_column_text uncode_shortcode_id=\u00a0\u00bb153547&Prime;]<\/p>\n<p style=\"padding-left: 40px;\">La photographie est une autre mani\u00e8re de raconter un mariage.<br \/>\nJe propose \u00e9galement une couverture en photographie, avec la m\u00eame approche que dans mes films : naturelle, attentive, et profond\u00e9ment centr\u00e9e sur l\u2019\u00e9motion. Depuis plus de douze ans, je documente des mariages \u00e0 travers le film. Ce parcours a fa\u00e7onn\u00e9 mon regard, en d\u00e9veloppant une sensibilit\u00e9 particuli\u00e8re \u00e0 la lumi\u00e8re, aux interactions et aux instants fugaces. En photographie, cette approche reste identique. Il s\u2019agit moins de cr\u00e9er que d\u2019observer, moins de diriger que d\u2019anticiper. Chaque image na\u00eet d\u2019un moment r\u00e9el, captur\u00e9 avec justesse et simplicit\u00e9. La majorit\u00e9 de la journ\u00e9e est photographi\u00e9e de mani\u00e8re spontan\u00e9e, sans interruption.<\/p>\n<p>[\/vc_column_text][vc_column_text uncode_shortcode_id=\u00a0\u00bb120331&Prime;]<\/p>\n<p style=\"padding-left: 40px;\">La photographie que je propose s\u2019inscrit dans une approche documentaire, avec une attention constante port\u00e9e \u00e0 l\u2019atmosph\u00e8re, aux gestes discrets et \u00e0 ce qui se joue entre les moments. Mon travail de cin\u00e9aste influence directement ma mani\u00e8re de photographier. Il m\u2019am\u00e8ne \u00e0 penser en termes de lumi\u00e8re, de rythme et de narration, m\u00eame dans une image fixe.<br \/>\nJe cherche \u00e0 cr\u00e9er des images sinc\u00e8res, \u00e9l\u00e9gantes et durables, qui trouvent leur force dans leur authenticit\u00e9 plut\u00f4t que dans leur mise en sc\u00e8ne. Je propose un nombre limit\u00e9 de mariages en photographie chaque ann\u00e9e, afin de garantir une approche coh\u00e9rente et personnalis\u00e9e.<\/p>\n<p>[\/vc_column_text][\/vc_column][\/vc_row][vc_row row_height_percent=\u00a0\u00bb0&Prime; override_padding=\u00a0\u00bbyes\u00a0\u00bb h_padding=\u00a0\u00bb2&Prime; top_padding=\u00a0\u00bb6&Prime; bottom_padding=\u00a0\u00bb3&Prime; overlay_alpha=\u00a0\u00bb50&Prime; gutter_size=\u00a0\u00bb3&Prime; column_width_percent=\u00a0\u00bb100&Prime; shift_y=\u00a0\u00bb0&Prime; z_index=\u00a0\u00bb0&Prime; content_parallax=\u00a0\u00bb0&Prime; uncode_shortcode_id=\u00a0\u00bb984934&Prime;][vc_column width=\u00a0\u00bb1\/3&Prime;][\/vc_column][vc_column column_width_percent=\u00a0\u00bb100&Prime; align_horizontal=\u00a0\u00bbalign_center\u00a0\u00bb gutter_size=\u00a0\u00bb3&Prime; overlay_alpha=\u00a0\u00bb50&Prime; shift_x=\u00a0\u00bb0&Prime; shift_y=\u00a0\u00bb0&Prime; shift_y_down=\u00a0\u00bb0&Prime; z_index=\u00a0\u00bb0&Prime; medium_width=\u00a0\u00bb0&Prime; mobile_width=\u00a0\u00bb0&Prime; width=\u00a0\u00bb1\/3&Prime; uncode_shortcode_id=\u00a0\u00bb134268&Prime;][vc_button border_width=\u00a0\u00bb0&Prime; link=\u00a0\u00bburl:https%3A%2F%2Fwww.gordonweddingfilms.com%2Ffr%2Fcontact%2F\u00a0\u00bb uncode_shortcode_id=\u00a0\u00bb146271&Prime;]Prendre contact pour la photo[\/vc_button][\/vc_column][vc_column width=\u00a0\u00bb1\/3&Prime;][\/vc_column][\/vc_row][vc_row row_height_percent=\u00a0\u00bb0&Prime; override_padding=\u00a0\u00bbyes\u00a0\u00bb h_padding=\u00a0\u00bb1&Prime; top_padding=\u00a0\u00bb5&Prime; bottom_padding=\u00a0\u00bb5&Prime; overlay_alpha=\u00a0\u00bb100&Prime; gutter_size=\u00a0\u00bb100&Prime; column_width_percent=\u00a0\u00bb100&Prime; border_color=\u00a0\u00bbcolor-gyho\u00a0\u00bb shift_y=\u00a0\u00bb0&Prime; z_index=\u00a0\u00bb0&Prime; content_parallax=\u00a0\u00bb0&Prime; style=\u00a0\u00bbinherited\u00a0\u00bb css=\u00a0\u00bb.vc_custom_1767029272758{border-top-width: 1px !important;border-bottom-width: 1px !important;}\u00a0\u00bb uncode_shortcode_id=\u00a0\u00bb100177&Prime; border_color_type=\u00a0\u00bbuncode-palette\u00a0\u00bb][vc_column column_width_percent=\u00a0\u00bb100&Prime; align_horizontal=\u00a0\u00bbalign_center\u00a0\u00bb gutter_size=\u00a0\u00bb3&Prime; overlay_alpha=\u00a0\u00bb50&Prime; shift_x=\u00a0\u00bb0&Prime; shift_y=\u00a0\u00bb0&Prime; medium_width=\u00a0\u00bb0&Prime; zoom_width=\u00a0\u00bb0&Prime; zoom_height=\u00a0\u00bb0&Prime; width=\u00a0\u00bb1\/1&Prime;][vc_gallery el_id=\u00a0\u00bbgallery-43823&Prime; random=\u00a0\u00bbyes\u00a0\u00bb medias=\u00a0\u00bb21771,21770,21769,21768,21767,21766,21765,21764,21763,21762,21761,21760,21759,21758,21757,21756,21755,21754,21753,21752,21751,21750,21749,21748,21747,21746,21745,21744,21743,21742,21741,21740,21773,21774,21787,21786,21785,21784,21783,21782,21781,21780,21779,21778,21776,21775,21792,21803,21813,21811,21810,21809,21807,21806,21805,21804&Prime; gallery_visible=\u00a0\u00bb50&Prime; gutter_size=\u00a0\u00bb2&Prime; media_items=\u00a0\u00bb\u00a0\u00bb screen_lg=\u00a0\u00bb1000&Prime; screen_md=\u00a0\u00bb600&Prime; screen_sm=\u00a0\u00bb480&Prime; single_overlay_opacity=\u00a0\u00bb1&Prime; single_h_align=\u00a0\u00bbcenter\u00a0\u00bb single_padding=\u00a0\u00bb2&Prime; single_title_semantic=\u00a0\u00bbp\u00a0\u00bb single_title_family=\u00a0\u00bbfont-796390&Prime; single_title_dimension=\u00a0\u00bbh5&Prime; single_icon=\u00a0\u00bbfa fa-plus2&Prime; single_border=\u00a0\u00bbyes\u00a0\u00bb lbox_no_tmb=\u00a0\u00bbyes\u00a0\u00bb no_double_tap=\u00a0\u00bbyes\u00a0\u00bb items=\u00a0\u00bbe30=\u00a0\u00bb uncode_shortcode_id=\u00a0\u00bb555488&Prime;][\/vc_column][\/vc_row][vc_row row_height_percent=\u00a0\u00bb0&Prime; override_padding=\u00a0\u00bbyes\u00a0\u00bb h_padding=\u00a0\u00bb1&Prime; top_padding=\u00a0\u00bb4&Prime; bottom_padding=\u00a0\u00bb5&Prime; overlay_alpha=\u00a0\u00bb50&Prime; equal_height=\u00a0\u00bbyes\u00a0\u00bb gutter_size=\u00a0\u00bb4&Prime; column_width_percent=\u00a0\u00bb100&Prime; shift_y=\u00a0\u00bb0&Prime; z_index=\u00a0\u00bb0&Prime; content_parallax=\u00a0\u00bb0&Prime; uncode_shortcode_id=\u00a0\u00bb879383&Prime;][vc_column column_width_percent=\u00a0\u00bb100&Prime; gutter_size=\u00a0\u00bb3&Prime; overlay_alpha=\u00a0\u00bb50&Prime; shift_x=\u00a0\u00bb0&Prime; shift_y=\u00a0\u00bb0&Prime; shift_y_down=\u00a0\u00bb0&Prime; z_index=\u00a0\u00bb0&Prime; medium_width=\u00a0\u00bb0&Prime; mobile_width=\u00a0\u00bb0&Prime; width=\u00a0\u00bb1\/2&Prime; uncode_shortcode_id=\u00a0\u00bb386004&Prime;][vc_custom_heading heading_semantic=\u00a0\u00bbp\u00a0\u00bb text_size=\u00a0\u00bbh1&Prime; uncode_shortcode_id=\u00a0\u00bb106210&Prime;]Intention et coh\u00e9rence.[\/vc_custom_heading][vc_custom_heading heading_semantic=\u00a0\u00bbp\u00a0\u00bb text_size=\u00a0\u00bbh4&Prime; uncode_shortcode_id=\u00a0\u00bb151567&Prime;]Un regard fa\u00e7onn\u00e9 par le film[\/vc_custom_heading][vc_column_text uncode_shortcode_id=\u00a0\u00bb341881&Prime;]<\/p>\n<p style=\"padding-left: 40px;\">Mon exp\u00e9rience en film m\u2019a amen\u00e9 \u00e0 travailler sur des mariages en France et \u00e0 l\u2019international, ce qui influence directement ma mani\u00e8re de photographier. Mon approche vise \u00e0 cr\u00e9er une coh\u00e9rence visuelle et \u00e9motionnelle sur l\u2019ensemble de la journ\u00e9e, plut\u00f4t qu\u2019une succession d\u2019images isol\u00e9es. Comme en vid\u00e9o, chaque projet est abord\u00e9 de mani\u00e8re intentionnelle, avec une attention particuli\u00e8re aux d\u00e9tails et \u00e0 l\u2019atmosph\u00e8re. La photographie est ainsi abord\u00e9e avec le m\u00eame niveau d\u2019exigence et d\u2019attention que mes films. Je vous accompagne tout au long du processus, afin que tout soit simple, fluide et naturel le jour du mariage.<\/p>\n<p>[\/vc_column_text][\/vc_column][vc_column column_width_percent=\u00a0\u00bb100&Prime; gutter_size=\u00a0\u00bb3&Prime; back_image=\u00a0\u00bb21971&Prime; overlay_alpha=\u00a0\u00bb50&Prime; shift_x=\u00a0\u00bb0&Prime; shift_y=\u00a0\u00bb0&Prime; shift_y_down=\u00a0\u00bb0&Prime; z_index=\u00a0\u00bb0&Prime; medium_width=\u00a0\u00bb0&Prime; mobile_width=\u00a0\u00bb0&Prime; width=\u00a0\u00bb1\/2&Prime; uncode_shortcode_id=\u00a0\u00bb823575&Prime;][\/vc_column][\/vc_row][vc_row row_height_percent=\u00a0\u00bb0&Prime; override_padding=\u00a0\u00bbyes\u00a0\u00bb h_padding=\u00a0\u00bb2&Prime; top_padding=\u00a0\u00bb4&Prime; bottom_padding=\u00a0\u00bb4&Prime; overlay_alpha=\u00a0\u00bb50&Prime; gutter_size=\u00a0\u00bb3&Prime; column_width_percent=\u00a0\u00bb100&Prime; shift_y=\u00a0\u00bb0&Prime; z_index=\u00a0\u00bb0&Prime; content_parallax=\u00a0\u00bb0&Prime; uncode_shortcode_id=\u00a0\u00bb194816&Prime;][vc_column column_width_percent=\u00a0\u00bb100&Prime; position_vertical=\u00a0\u00bbmiddle\u00a0\u00bb align_horizontal=\u00a0\u00bbalign_center\u00a0\u00bb gutter_size=\u00a0\u00bb3&Prime; overlay_alpha=\u00a0\u00bb50&Prime; shift_x=\u00a0\u00bb0&Prime; shift_y=\u00a0\u00bb0&Prime; shift_y_down=\u00a0\u00bb0&Prime; z_index=\u00a0\u00bb0&Prime; medium_width=\u00a0\u00bb0&Prime; mobile_width=\u00a0\u00bb0&Prime; width=\u00a0\u00bb1\/1&Prime; uncode_shortcode_id=\u00a0\u00bb163960&Prime;][vc_button border_width=\u00a0\u00bb0&Prime; link=\u00a0\u00bburl:https%3A%2F%2Fwww.gordonweddingfilms.com%2Ffr%2Fcontact%2F\u00a0\u00bb uncode_shortcode_id=\u00a0\u00bb169266&Prime;]Me contacter pour la photographie[\/vc_button][\/vc_column][\/vc_row][vc_row row_height_percent=\u00a0\u00bb0&Prime; override_padding=\u00a0\u00bbyes\u00a0\u00bb h_padding=\u00a0\u00bb1&Prime; top_padding=\u00a0\u00bb4&Prime; bottom_padding=\u00a0\u00bb6&Prime; overlay_alpha=\u00a0\u00bb50&Prime; equal_height=\u00a0\u00bbyes\u00a0\u00bb gutter_size=\u00a0\u00bb4&Prime; column_width_percent=\u00a0\u00bb100&Prime; shift_y=\u00a0\u00bb0&Prime; z_index=\u00a0\u00bb0&Prime; content_parallax=\u00a0\u00bb0&Prime; uncode_shortcode_id=\u00a0\u00bb146673&Prime;][vc_column column_width_percent=\u00a0\u00bb100&Prime; gutter_size=\u00a0\u00bb3&Prime; back_image=\u00a0\u00bb20088&Prime; overlay_alpha=\u00a0\u00bb50&Prime; shift_x=\u00a0\u00bb0&Prime; shift_y=\u00a0\u00bb0&Prime; shift_y_down=\u00a0\u00bb0&Prime; z_index=\u00a0\u00bb0&Prime; medium_width=\u00a0\u00bb0&Prime; mobile_width=\u00a0\u00bb0&Prime; width=\u00a0\u00bb1\/2&Prime; uncode_shortcode_id=\u00a0\u00bb616343&Prime;][\/vc_column][vc_column column_width_percent=\u00a0\u00bb100&Prime; gutter_size=\u00a0\u00bb3&Prime; overlay_alpha=\u00a0\u00bb50&Prime; shift_x=\u00a0\u00bb0&Prime; shift_y=\u00a0\u00bb0&Prime; shift_y_down=\u00a0\u00bb0&Prime; z_index=\u00a0\u00bb0&Prime; medium_width=\u00a0\u00bb0&Prime; mobile_width=\u00a0\u00bb0&Prime; width=\u00a0\u00bb1\/2&Prime; uncode_shortcode_id=\u00a0\u00bb386004&Prime;][vc_custom_heading heading_semantic=\u00a0\u00bbp\u00a0\u00bb text_size=\u00a0\u00bbh1&Prime; uncode_shortcode_id=\u00a0\u00bb199192&Prime;]Mon approche.[\/vc_custom_heading][vc_custom_heading heading_semantic=\u00a0\u00bbp\u00a0\u00bb text_size=\u00a0\u00bbh4&Prime; uncode_shortcode_id=\u00a0\u00bb106272&Prime;]Observer, se connecter, et laisser les moments se r\u00e9v\u00e9ler[\/vc_custom_heading][vc_column_text uncode_shortcode_id=\u00a0\u00bb417125&Prime;]<\/p>\n<p style=\"padding-left: 40px;\">Je me d\u00e9place au c\u0153ur de la journ\u00e9e avec discr\u00e9tion, suffisamment proche pour ressentir ce qui se passe, sans jamais interrompre le d\u00e9roul\u00e9. Cela me permet de capturer les moments tels qu\u2019ils se pr\u00e9sentent, sans mise en sc\u00e8ne ni contrainte. Des interactions r\u00e9elles, des \u00e9motions sinc\u00e8res, et les personnes qui comptent pour vous.<br \/>\nLa cam\u00e9ra ne repr\u00e9sente qu\u2019une petite partie de mon travail le jour du mariage. L\u2019essentiel r\u00e9side dans ma pr\u00e9sence, ma capacit\u00e9 \u00e0 comprendre l\u2019atmosph\u00e8re et \u00e0 cr\u00e9er une connexion naturelle avec vous et les personnes qui vous entourent.<br \/>\nAu fil des ann\u00e9es, en travaillant sur des mariages dans des environnements et cultures vari\u00e9s, j\u2019ai d\u00e9velopp\u00e9 une approche \u00e0 la fois calme, attentive et intentionnelle. J\u2019interviens lorsque c\u2019est n\u00e9cessaire, tout en veillant \u00e0 cr\u00e9er les conditions pour que les moments se d\u00e9roulent de mani\u00e8re naturelle.<\/p>\n<p>[\/vc_column_text][\/vc_column][\/vc_row][vc_row row_height_percent=\u00a0\u00bb0&Prime; back_color=\u00a0\u00bbcolor-125935&Prime; overlay_alpha=\u00a0\u00bb50&Prime; gutter_size=\u00a0\u00bb4&Prime; column_width_percent=\u00a0\u00bb100&Prime; shift_y=\u00a0\u00bb0&Prime; z_index=\u00a0\u00bb0&Prime; content_parallax=\u00a0\u00bb0&Prime; uncode_shortcode_id=\u00a0\u00bb193869&Prime; back_color_type=\u00a0\u00bbuncode-palette\u00a0\u00bb][vc_column column_width_percent=\u00a0\u00bb100&Prime; position_vertical=\u00a0\u00bbmiddle\u00a0\u00bb gutter_size=\u00a0\u00bb3&Prime; overlay_alpha=\u00a0\u00bb50&Prime; shift_x=\u00a0\u00bb0&Prime; shift_y=\u00a0\u00bb0&Prime; shift_y_down=\u00a0\u00bb0&Prime; z_index=\u00a0\u00bb0&Prime; medium_width=\u00a0\u00bb0&Prime; mobile_width=\u00a0\u00bb0&Prime; width=\u00a0\u00bb1\/3&Prime; uncode_shortcode_id=\u00a0\u00bb123522&Prime;][vc_custom_heading heading_semantic=\u00a0\u00bbp\u00a0\u00bb uncode_shortcode_id=\u00a0\u00bb210618&Prime;]FAQ.[\/vc_custom_heading][vc_custom_heading text_size=\u00a0\u00bbh4&Prime; uncode_shortcode_id=\u00a0\u00bb196050&Prime;]Questions fr\u00e9quentes \/\/ Photographie de mariage[\/vc_custom_heading][\/vc_column][vc_column column_width_percent=\u00a0\u00bb100&Prime; position_vertical=\u00a0\u00bbmiddle\u00a0\u00bb gutter_size=\u00a0\u00bb3&Prime; overlay_alpha=\u00a0\u00bb50&Prime; shift_x=\u00a0\u00bb0&Prime; shift_y=\u00a0\u00bb0&Prime; shift_y_down=\u00a0\u00bb0&Prime; z_index=\u00a0\u00bb0&Prime; medium_width=\u00a0\u00bb0&Prime; mobile_width=\u00a0\u00bb0&Prime; width=\u00a0\u00bb2\/3&Prime; uncode_shortcode_id=\u00a0\u00bb158212&Prime;][vc_accordion gutter_simple=\u00a0\u00bb0&Prime; uncode_shortcode_id=\u00a0\u00bb340541&Prime; active_tab=\u00a0\u00bb0&Prime;][vc_accordion_tab gutter_size=\u00a0\u00bb2&Prime; column_padding=\u00a0\u00bb2&Prime; title=\u00a0\u00bbProposez-vous \u00e0 la fois photo et vid\u00e9o pour un m\u00eame mariage ?\u00a0\u00bb tab_id=\u00a0\u00bb1774876175-1-95&Prime;][vc_column_text uncode_shortcode_id=\u00a0\u00bb896672&Prime;]Je privil\u00e9gie une seule discipline par mariage afin de garantir une attention totale et un r\u00e9sultat coh\u00e9rent. Cela me permet d\u2019\u00eatre pleinement pr\u00e9sent et de livrer un travail abouti, que ce soit en photographie ou en film. Si vous me r\u00e9servez pour la photographie, je peux vous recommander des vid\u00e9astes dont le style est proche de mon univers. De la m\u00eame mani\u00e8re, si vous me confiez la vid\u00e9o, je peux vous orienter vers des photographes tr\u00e8s comp\u00e9tents avec qui je partage une sensibilit\u00e9 similaire.[\/vc_column_text][\/vc_accordion_tab][vc_accordion_tab gutter_size=\u00a0\u00bb2&Prime; column_padding=\u00a0\u00bb2&Prime; title=\u00a0\u00bbSi vous \u00eates notre photographie, comment trouver un vid\u00e9aste dans le m\u00eame style ?\u00a0\u00bb tab_id=\u00a0\u00bb1774876741558-6-1&Prime;][vc_column_text uncode_shortcode_id=\u00a0\u00bb195269&Prime;]Si vous souhaitez une coh\u00e9rence visuelle entre la photo et la vid\u00e9o, je peux vous recommander des vid\u00e9astes avec qui je partage une approche et une sensibilit\u00e9 similaires. Il s\u2019agit de confr\u00e8res talentueux, dont le travail s\u2019inscrit dans une esth\u00e9tique proche de la mienne, et avec lesquels j\u2019ai l\u2019habitude d\u2019\u00e9changer.[\/vc_column_text][\/vc_accordion_tab][vc_accordion_tab gutter_size=\u00a0\u00bb2&Prime; column_padding=\u00a0\u00bb2&Prime; title=\u00a0\u00bbComment d\u00e9cririez-vous votre style en photographie de mariage ?\u00a0\u00bb tab_id=\u00a0\u00bb1774876175-2-68&Prime;][vc_column_text uncode_shortcode_id=\u00a0\u00bb486039&Prime;]<\/p>\n<p data-start=\"379\" data-end=\"718\">Mon approche est naturelle, documentaire et influenc\u00e9e par le cin\u00e9ma. Je suis particuli\u00e8rement attentif \u00e0 la lumi\u00e8re, \u00e0 l\u2019atmosph\u00e8re et aux \u00e9motions, en privil\u00e9giant les moments r\u00e9els plut\u00f4t que les mises en sc\u00e8ne, avec une direction l\u00e9g\u00e8re uniquement lorsque cela est n\u00e9cessaire.<\/p>\n<p>[\/vc_column_text][\/vc_accordion_tab][vc_accordion_tab gutter_size=\u00a0\u00bb2&Prime; column_padding=\u00a0\u00bb2&Prime; title=\u00a0\u00bbIntervenez-vous pour diriger pendant la journ\u00e9e ?\u00a0\u00bb tab_id=\u00a0\u00bb1774876555236-3-6&Prime;][vc_column_text uncode_shortcode_id=\u00a0\u00bb195269&Prime;]<\/p>\n<p data-start=\"969\" data-end=\"1263\">La majorit\u00e9 de la journ\u00e9e est captur\u00e9e de mani\u00e8re spontan\u00e9e et discr\u00e8te. Pour certains moments, notamment les photos de couple, je propose une direction simple afin de cr\u00e9er des images naturelles et \u00e9l\u00e9gantes, sans interrompre le d\u00e9roul\u00e9.<\/p>\n<p>[\/vc_column_text][\/vc_accordion_tab][vc_accordion_tab gutter_size=\u00a0\u00bb2&Prime; column_padding=\u00a0\u00bb2&Prime; title=\u00a0\u00bbO\u00f9 intervenez-vous ?\u00a0\u00bb tab_id=\u00a0\u00bb1774876571692-4-8&Prime;][vc_column_text uncode_shortcode_id=\u00a0\u00bb885936&Prime;]Je suis bas\u00e9 en Provence et j\u2019interviens principalement pour de la <a href=\"https:\/\/www.gordonweddingfilms.com\/fr\/photographe-mariage-provence\/\">photographie de mariage Provence<\/a> et en r\u00e9gion PACA. Je me d\u00e9place \u00e9galement dans toute la France ainsi qu\u2019\u00e0 l\u2019international selon les projets.[\/vc_column_text][\/vc_accordion_tab][vc_accordion_tab gutter_size=\u00a0\u00bb2&Prime; column_padding=\u00a0\u00bb2&Prime; title=\u00a0\u00bbUtilisez-vous un drone ?\u00a0\u00bb tab_id=\u00a0\u00bb1774876589532-5-3&Prime;][vc_column_text uncode_shortcode_id=\u00a0\u00bb195269&Prime;]La photographie de mariage par drone d\u00e9pend des conditions et de la r\u00e9glementation du lieu. Lorsqu\u2019il est possible de l\u2019utiliser, il permet d\u2019apporter une perspective diff\u00e9rente et de compl\u00e9ter la couverture du mariage.[\/vc_column_text][\/vc_accordion_tab][vc_accordion_tab gutter_size=\u00a0\u00bb2&Prime; column_padding=\u00a0\u00bb2&Prime; title=\u00a0\u00bbQue comprend votre offre en photographie de mariage ?\u00a0\u00bb tab_id=\u00a0\u00bb1774880155390-7-5&Prime;][vc_column_text uncode_shortcode_id=\u00a0\u00bb203419&Prime;]Chaque prestation inclut un accompagnement d\u00e9di\u00e9 avec des conseils et un suivi personnalis\u00e9 tout au long du projet. La couverture peut s\u2019\u00e9tendre sur une journ\u00e9e compl\u00e8te ou plusieurs jours selon vos besoins, avec une pr\u00e9sence continue des pr\u00e9paratifs jusqu\u2019\u00e0 la soir\u00e9e. Les images sont ensuite soigneusement s\u00e9lectionn\u00e9es et \u00e9dit\u00e9es, puis livr\u00e9es en haute d\u00e9finition via une galerie priv\u00e9e en ligne.[\/vc_column_text][\/vc_accordion_tab][vc_accordion_tab gutter_size=\u00a0\u00bb2&Prime; column_padding=\u00a0\u00bb2&Prime; title=\u00a0\u00bbCombien de photos de mariage sont livr\u00e9es ?\u00a0\u00bb tab_id=\u00a0\u00bb1774876535496-2-5&Prime;][vc_column_text uncode_shortcode_id=\u00a0\u00bb195269&Prime;]<\/p>\n<p data-start=\"725\" data-end=\"962\">Le nombre d\u2019images d\u00e9pend du d\u00e9roul\u00e9 et de la dur\u00e9e du mariage. Chaque galerie est soigneusement \u00e9dit\u00e9e pour raconter l\u2019histoire avec coh\u00e9rence et intention, plut\u00f4t que dans une logique de quantit\u00e9.<\/p>\n<p>[\/vc_column_text][\/vc_accordion_tab][vc_accordion_tab gutter_size=\u00a0\u00bb2&Prime; column_padding=\u00a0\u00bb2&Prime; title=\u00a0\u00bbProposez-vous un aper\u00e7u des photos apr\u00e8s le mariage ?\u00a0\u00bb tab_id=\u00a0\u00bb1774880409954-8-8&Prime;][vc_column_text uncode_shortcode_id=\u00a0\u00bb226782&Prime;]Oui, un aper\u00e7u est g\u00e9n\u00e9ralement partag\u00e9 dans les jours qui suivent le mariage. Cela permet de d\u00e9couvrir rapidement les premi\u00e8res images, en attendant la galerie compl\u00e8te, soigneusement \u00e9dit\u00e9e.[\/vc_column_text][\/vc_accordion_tab][vc_accordion_tab gutter_size=\u00a0\u00bb2&Prime; column_padding=\u00a0\u00bb2&Prime; title=\u00a0\u00bbComment pr\u00e9parez-vous le mariage en amont ?\u00a0\u00bb tab_id=\u00a0\u00bb1774880431721-9-10&Prime;][vc_column_text uncode_shortcode_id=\u00a0\u00bb226782&Prime;]Des \u00e9changes sont pr\u00e9vus en amont et avant le mariage afin de comprendre votre vision, le d\u00e9roul\u00e9 de la journ\u00e9e et les \u00e9l\u00e9ments importants \u00e0 anticiper. Cet accompagnement permet d\u2019aborder le mariage avec clart\u00e9 et de cr\u00e9er des images en accord avec votre histoire et votre environnement.[\/vc_column_text][\/vc_accordion_tab][vc_accordion_tab gutter_size=\u00a0\u00bb2&Prime; column_padding=\u00a0\u00bb2&Prime; title=\u00a0\u00bbTravaillez-vous avec les wedding planners et les autres prestataires ?\u00a0\u00bb tab_id=\u00a0\u00bb1774880479818-10-3&Prime;][vc_column_text uncode_shortcode_id=\u00a0\u00bb226782&Prime;]Oui, je travaille en \u00e9troite collaboration avec les wedding planners et les autres prestataires pr\u00e9sents. Cette coordination permet d\u2019assurer une journ\u00e9e fluide et de cr\u00e9er des images dans les meilleures conditions, en harmonie avec l\u2019ensemble de l\u2019\u00e9quipe.[\/vc_column_text][\/vc_accordion_tab][\/vc_accordion][\/vc_column][\/vc_row]<\/p>\n<\/div>","protected":false},"excerpt":{"rendered":"<p>[vc_row unlock_row_content=\u00a0\u00bbyes\u00a0\u00bb row_height_percent=\u00a0\u00bb0&Prime; back_image=\u00a0\u00bb21796&Prime; back_position=\u00a0\u00bbcenter center\u00a0\u00bb parallax=\u00a0\u00bbyes\u00a0\u00bb overlay_color=\u00a0\u00bbcolor-jevc\u00a0\u00bb overlay_alpha=\u00a0\u00bb17&Prime; gutter_size=\u00a0\u00bb3&Prime; column_width_percent=\u00a0\u00bb100&Prime; shift_y=\u00a0\u00bb0&Prime; z_index=\u00a0\u00bb0&Prime; content_parallax=\u00a0\u00bb0&Prime; uncode_shortcode_id=\u00a0\u00bb136528&Prime; overlay_color_type=\u00a0\u00bbuncode-palette\u00a0\u00bb][vc_column column_width_percent=\u00a0\u00bb100&Prime; position_vertical=\u00a0\u00bbmiddle\u00a0\u00bb align_horizontal=\u00a0\u00bbalign_center\u00a0\u00bb gutter_size=\u00a0\u00bb3&Prime; [&hellip;]<\/p>\n","protected":false},"author":1,"featured_media":0,"parent":0,"menu_order":0,"comment_status":"closed","ping_status":"closed","template":"","meta":{"_acf_changed":false,"footnotes":""},"class_list":["post-21793","page","type-page","status-publish","hentry"],"acf":[],"_links":{"self":[{"href":"https:\/\/www.gordonweddingfilms.com\/fr\/wp-json\/wp\/v2\/pages\/21793","targetHints":{"allow":["GET"]}}],"collection":[{"href":"https:\/\/www.gordonweddingfilms.com\/fr\/wp-json\/wp\/v2\/pages"}],"about":[{"href":"https:\/\/www.gordonweddingfilms.com\/fr\/wp-json\/wp\/v2\/types\/page"}],"author":[{"embeddable":true,"href":"https:\/\/www.gordonweddingfilms.com\/fr\/wp-json\/wp\/v2\/users\/1"}],"replies":[{"embeddable":true,"href":"https:\/\/www.gordonweddingfilms.com\/fr\/wp-json\/wp\/v2\/comments?post=21793"}],"version-history":[{"count":0,"href":"https:\/\/www.gordonweddingfilms.com\/fr\/wp-json\/wp\/v2\/pages\/21793\/revisions"}],"wp:attachment":[{"href":"https:\/\/www.gordonweddingfilms.com\/fr\/wp-json\/wp\/v2\/media?parent=21793"}],"curies":[{"name":"wp","href":"https:\/\/api.w.org\/{rel}","templated":true}]}}